{"id":9,"date":"2024-05-23T09:45:54","date_gmt":"2024-05-23T09:45:54","guid":{"rendered":"https:\/\/romantic-chatelet.192-142-7-235.plesk.page\/index.php\/sepet\/"},"modified":"2024-11-23T12:16:45","modified_gmt":"2024-11-23T12:16:45","slug":"cart","status":"publish","type":"page","link":"https:\/\/le-revestudio.com\/index.php\/cart\/","title":{"rendered":"Cart"},"content":{"rendered":"\n<div data-block-name=\"woocommerce\/cart\" class=\"wp-block-woocommerce-cart alignwide is-loading\">\n<div data-block-name=\"woocommerce\/filled-cart-block\" class=\"wp-block-woocommerce-filled-cart-block\">\n<div data-block-name=\"woocommerce\/cart-items-block\" class=\"wp-block-woocommerce-cart-items-block\">\n<div data-block-name=\"woocommerce\/cart-line-items-block\" class=\"wp-block-woocommerce-cart-line-items-block\"><\/div>\n\n\n\n<div data-block-name=\"woocommerce\/cart-cross-sells-block\" class=\"wp-block-woocommerce-cart-cross-sells-block\">\n<h2 class=\"wp-block-heading has-large-font-size\">\u0130lginizi \u00e7ekebilir\u2026<\/h2>\n\n\n\n<div data-block-name=\"woocommerce\/cart-cross-sells-products-block\" class=\"wp-block-woocommerce-cart-cross-sells-products-block\"><\/div>\n<\/div>\n<\/div>\n\n\n\n<div data-block-name=\"woocommerce\/cart-totals-block\" class=\"wp-block-woocommerce-cart-totals-block\">\n<div data-block-name=\"woocommerce\/cart-order-summary-block\" class=\"wp-block-woocommerce-cart-order-summary-block\">\n<div data-block-name=\"woocommerce\/cart-order-summary-heading-block\" class=\"wp-block-woocommerce-cart-order-summary-heading-block\"><\/div><div data-block-name=\"woocommerce\/cart-order-summary-coupon-form-block\" class=\"wp-block-woocommerce-cart-order-summary-coupon-form-block\"><\/div><div data-block-name=\"woocommerce\/cart-order-summary-totals-block\" class=\"wp-block-woocommerce-cart-order-summary-totals-block\">\n<div data-block-name=\"woocommerce\/cart-order-summary-subtotal-block\" class=\"wp-block-woocommerce-cart-order-summary-subtotal-block\"><\/div>\n<div data-block-name=\"woocommerce\/cart-order-summary-discount-block\" class=\"wp-block-woocommerce-cart-order-summary-discount-block\"><\/div>\n<div data-block-name=\"woocommerce\/cart-order-summary-fee-block\" class=\"wp-block-woocommerce-cart-order-summary-fee-block\"><\/div>\n<div data-block-name=\"woocommerce\/cart-order-summary-shipping-block\" class=\"wp-block-woocommerce-cart-order-summary-shipping-block\"><\/div>\n<div data-block-name=\"woocommerce\/cart-order-summary-taxes-block\" class=\"wp-block-woocommerce-cart-order-summary-taxes-block\"><\/div><\/div>\n<\/div>\n\n\n\n<div data-block-name=\"woocommerce\/cart-express-payment-block\" class=\"wp-block-woocommerce-cart-express-payment-block\"><\/div>\n\n\n\n<div data-block-name=\"woocommerce\/proceed-to-checkout-block\" class=\"wp-block-woocommerce-proceed-to-checkout-block\"><\/div>\n\n\n\n<div data-block-name=\"woocommerce\/cart-accepted-payment-methods-block\" class=\"wp-block-woocommerce-cart-accepted-payment-methods-block\"><\/div>\n<\/div>\n<\/div>\n\n\n\n<div data-block-name=\"woocommerce\/empty-cart-block\" class=\"wp-block-woocommerce-empty-cart-block\">\n<h2 class=\"wp-block-heading has-text-align-center with-empty-cart-icon wc-block-cart__empty-cart__title\">Sepetiniz \u015fu anda bo\u015f!<\/h2>\n\n\n\n<hr class=\"wp-block-separator has-alpha-channel-opacity is-style-dots\"\/>\n\n\n\n<h2 class=\"wp-block-heading has-text-align-center\">Ma\u011fazada yeni<\/h2>\n\n\n<div data-block-name=\"woocommerce\/product-new\" data-columns=\"4\" data-rows=\"1\" class=\"wc-block-grid wp-block-product-new wp-block-woocommerce-product-new wc-block-product-new has-4-columns\"><ul class=\"wc-block-grid__products\"><li class=\"wc-block-grid__product\">\n\t\t\t\t<a href=\"https:\/\/le-revestudio.com\/index.php\/product\/elaya-dress\/\" class=\"wc-block-grid__product-link\">\n\t\t\t\t\t\n\t\t\t\t\t<div class=\"wc-block-grid__product-image\"><img fetchpriority=\"high\" decoding=\"async\" width=\"600\" height=\"450\" src=\"data:image\/svg+xml,%20%3Csvg%20viewBox%3D%220%200%20600%20450%22%20xmlns%3D%22http%3A%2F%2Fwww.w3.org%2F2000%2Fsvg%22%3E%3C%2Fsvg%3E\" data-src=\"https:\/\/le-revestudio.com\/wp-content\/uploads\/2025\/12\/IMG_4053-600x450.jpg\" class=\" lazyload attachment-woocommerce_thumbnail size-woocommerce_thumbnail\" alt=\"Elaya dress\" \/><\/div>\n\t\t\t\t\t<div class=\"wc-block-grid__product-title\">Elaya dress<\/div>\n\t\t\t\t<\/a>\n\t\t\t\t<div class=\"wc-block-grid__product-price price\"><span class=\"woocommerce-Price-amount amount\"><span class=\"woocommerce-Price-currencySymbol\">&#8378;<\/span>9.800,00<\/span><\/div>\n\t\t\t\t\n\t\t\t\t<div class=\"wp-block-button wc-block-grid__product-add-to-cart\"><a href=\"https:\/\/le-revestudio.com\/index.php\/product\/elaya-dress\/\" aria-label=\"&ldquo;Elaya dress&rdquo; i\u00e7in se\u00e7enekleri se\u00e7in\" data-quantity=\"1\" data-product_id=\"5565\" data-product_sku=\"\" data-price=\"9800\" rel=\"nofollow\" class=\"wp-block-button__link  add_to_cart_button\">Se\u00e7enekler<\/a><\/div>\n\t\t\t<\/li><li class=\"wc-block-grid__product\">\n\t\t\t\t<a href=\"https:\/\/le-revestudio.com\/index.php\/product\/fleur-set\/\" class=\"wc-block-grid__product-link\">\n\t\t\t\t\t\n\t\t\t\t\t<div class=\"wc-block-grid__product-image\"><img decoding=\"async\" width=\"600\" height=\"450\" src=\"data:image\/svg+xml,%20%3Csvg%20viewBox%3D%220%200%20600%20450%22%20xmlns%3D%22http%3A%2F%2Fwww.w3.org%2F2000%2Fsvg%22%3E%3C%2Fsvg%3E\" data-src=\"https:\/\/le-revestudio.com\/wp-content\/uploads\/2025\/12\/IMG_4071-600x450.jpg\" class=\" lazyload attachment-woocommerce_thumbnail size-woocommerce_thumbnail\" alt=\"fleur set\" \/><\/div>\n\t\t\t\t\t<div class=\"wc-block-grid__product-title\">fleur set<\/div>\n\t\t\t\t<\/a>\n\t\t\t\t<div class=\"wc-block-grid__product-price price\"><span class=\"woocommerce-Price-amount amount\"><span class=\"woocommerce-Price-currencySymbol\">&#8378;<\/span>14.800,00<\/span><\/div>\n\t\t\t\t\n\t\t\t\t<div class=\"wp-block-button wc-block-grid__product-add-to-cart\"><a href=\"https:\/\/le-revestudio.com\/index.php\/product\/fleur-set\/\" aria-label=\"&ldquo;fleur set&rdquo; i\u00e7in se\u00e7enekleri se\u00e7in\" data-quantity=\"1\" data-product_id=\"5557\" data-product_sku=\"\" data-price=\"14800\" rel=\"nofollow\" class=\"wp-block-button__link  add_to_cart_button\">Se\u00e7enekler<\/a><\/div>\n\t\t\t<\/li><li class=\"wc-block-grid__product\">\n\t\t\t\t<a href=\"https:\/\/le-revestudio.com\/index.php\/product\/elise-jumpsuit-2\/\" class=\"wc-block-grid__product-link\">\n\t\t\t\t\t\n\t\t\t\t\t<div class=\"wc-block-grid__product-image\"><img decoding=\"async\" width=\"600\" height=\"450\" src=\"data:image\/svg+xml,%20%3Csvg%20viewBox%3D%220%200%20600%20450%22%20xmlns%3D%22http%3A%2F%2Fwww.w3.org%2F2000%2Fsvg%22%3E%3C%2Fsvg%3E\" data-src=\"https:\/\/le-revestudio.com\/wp-content\/uploads\/2025\/12\/IMG_4029-600x450.jpeg\" class=\" lazyload attachment-woocommerce_thumbnail size-woocommerce_thumbnail\" alt=\"Elise jumpsuit\" \/><\/div>\n\t\t\t\t\t<div class=\"wc-block-grid__product-title\">Elise jumpsuit<\/div>\n\t\t\t\t<\/a>\n\t\t\t\t<div class=\"wc-block-grid__product-price price\"><span class=\"woocommerce-Price-amount amount\"><span class=\"woocommerce-Price-currencySymbol\">&#8378;<\/span>14.800,00<\/span><\/div>\n\t\t\t\t\n\t\t\t\t<div class=\"wp-block-button wc-block-grid__product-add-to-cart\"><a href=\"https:\/\/le-revestudio.com\/index.php\/product\/elise-jumpsuit-2\/\" aria-label=\"&ldquo;Elise jumpsuit&rdquo; i\u00e7in se\u00e7enekleri se\u00e7in\" data-quantity=\"1\" data-product_id=\"5544\" data-product_sku=\"\" data-price=\"14800\" rel=\"nofollow\" class=\"wp-block-button__link  add_to_cart_button\">Se\u00e7enekler<\/a><\/div>\n\t\t\t<\/li><li class=\"wc-block-grid__product\">\n\t\t\t\t<a href=\"https:\/\/le-revestudio.com\/index.php\/product\/belle-jacket\/\" class=\"wc-block-grid__product-link\">\n\t\t\t\t\t\n\t\t\t\t\t<div class=\"wc-block-grid__product-image\"><img loading=\"lazy\" decoding=\"async\" width=\"600\" height=\"450\" src=\"data:image\/svg+xml,%20%3Csvg%20viewBox%3D%220%200%20600%20450%22%20xmlns%3D%22http%3A%2F%2Fwww.w3.org%2F2000%2Fsvg%22%3E%3C%2Fsvg%3E\" data-src=\"https:\/\/le-revestudio.com\/wp-content\/uploads\/2025\/12\/IMG_3796-600x450.jpg\" class=\" lazyload attachment-woocommerce_thumbnail size-woocommerce_thumbnail\" alt=\"Belle jacket\" \/><\/div>\n\t\t\t\t\t<div class=\"wc-block-grid__product-title\">Belle jacket<\/div>\n\t\t\t\t<\/a>\n\t\t\t\t<div class=\"wc-block-grid__product-price price\"><span class=\"woocommerce-Price-amount amount\"><span class=\"woocommerce-Price-currencySymbol\">&#8378;<\/span>18.800,00<\/span><\/div>\n\t\t\t\t\n\t\t\t\t<div class=\"wp-block-button wc-block-grid__product-add-to-cart\"><a href=\"https:\/\/le-revestudio.com\/index.php\/product\/belle-jacket\/\" aria-label=\"&ldquo;Belle jacket&rdquo; i\u00e7in se\u00e7enekleri se\u00e7in\" data-quantity=\"1\" data-product_id=\"5536\" data-product_sku=\"\" data-price=\"18800\" rel=\"nofollow\" class=\"wp-block-button__link  add_to_cart_button\">Se\u00e7enekler<\/a><\/div>\n\t\t\t<\/li><\/ul><\/div><\/div>\n<\/div>\n","protected":false},"excerpt":{"rendered":"","protected":false},"author":1,"featured_media":0,"parent":0,"menu_order":0,"comment_status":"closed","ping_status":"closed","template":"","meta":{"_joinchat":[],"footnotes":""},"class_list":["post-9","page","type-page","status-publish","hentry"],"_links":{"self":[{"href":"https:\/\/le-revestudio.com\/index.php\/wp-json\/wp\/v2\/pages\/9","targetHints":{"allow":["GET"]}}],"collection":[{"href":"https:\/\/le-revestudio.com\/index.php\/wp-json\/wp\/v2\/pages"}],"about":[{"href":"https:\/\/le-revestudio.com\/index.php\/wp-json\/wp\/v2\/types\/page"}],"author":[{"embeddable":true,"href":"https:\/\/le-revestudio.com\/index.php\/wp-json\/wp\/v2\/users\/1"}],"replies":[{"embeddable":true,"href":"https:\/\/le-revestudio.com\/index.php\/wp-json\/wp\/v2\/comments?post=9"}],"version-history":[{"count":1,"href":"https:\/\/le-revestudio.com\/index.php\/wp-json\/wp\/v2\/pages\/9\/revisions"}],"predecessor-version":[{"id":4944,"href":"https:\/\/le-revestudio.com\/index.php\/wp-json\/wp\/v2\/pages\/9\/revisions\/4944"}],"wp:attachment":[{"href":"https:\/\/le-revestudio.com\/index.php\/wp-json\/wp\/v2\/media?parent=9"}],"curies":[{"name":"wp","href":"https:\/\/api.w.org\/{rel}","templated":true}]}}