{"id":4631,"date":"2024-07-15T19:00:38","date_gmt":"2024-07-15T19:00:38","guid":{"rendered":"https:\/\/le-revestudio.com\/?post_type=product&#038;p=4631"},"modified":"2026-04-25T11:45:04","modified_gmt":"2026-04-25T11:45:04","slug":"juliette-corset-in-black","status":"publish","type":"product","link":"https:\/\/le-revestudio.com\/index.php\/product\/juliette-corset-in-black\/","title":{"rendered":"Juliette Corset"},"content":{"rendered":"<p>Lace corset with built in cups with Gold details<br \/>\nsar\u0131 d\u00fcgmel\u0131 arkas\u0131 ku\u015f g\u00f6z\u00fcyle ayarlanabilir korse<br \/>\nmodel \u00f6l\u00e7\u00fcleri : boyu 174.g\u00f6\u011f\u00fcs 88 cm ,bel 63 cm ,kal\u00e7a 93 cm<br \/>\nmankenin \u00fczerinde s bedendir<\/p>\n","protected":false},"excerpt":{"rendered":"<p>Lace corset with built in cups with Gold details sar\u0131 d\u00fcgmel\u0131 arkas\u0131 ku\u015f g\u00f6z\u00fcyle ayarlanabilir korse model \u00f6l\u00e7\u00fcleri&#8230;<\/p>\n","protected":false},"featured_media":4838,"comment_status":"open","ping_status":"closed","template":"","meta":{"_joinchat":[]},"product_brand":[],"product_cat":[23,15],"product_tag":[],"class_list":{"0":"post-4631","1":"product","2":"type-product","3":"status-publish","4":"has-post-thumbnail","6":"product_cat-tops","7":"product_cat-all","9":"first","10":"instock","11":"shipping-taxable","12":"purchasable","13":"product-type-variable"},"_links":{"self":[{"href":"https:\/\/le-revestudio.com\/index.php\/wp-json\/wp\/v2\/product\/4631","targetHints":{"allow":["GET"]}}],"collection":[{"href":"https:\/\/le-revestudio.com\/index.php\/wp-json\/wp\/v2\/product"}],"about":[{"href":"https:\/\/le-revestudio.com\/index.php\/wp-json\/wp\/v2\/types\/product"}],"replies":[{"embeddable":true,"href":"https:\/\/le-revestudio.com\/index.php\/wp-json\/wp\/v2\/comments?post=4631"}],"wp:featuredmedia":[{"embeddable":true,"href":"https:\/\/le-revestudio.com\/index.php\/wp-json\/wp\/v2\/media\/4838"}],"wp:attachment":[{"href":"https:\/\/le-revestudio.com\/index.php\/wp-json\/wp\/v2\/media?parent=4631"}],"wp:term":[{"taxonomy":"product_brand","embeddable":true,"href":"https:\/\/le-revestudio.com\/index.php\/wp-json\/wp\/v2\/product_brand?post=4631"},{"taxonomy":"product_cat","embeddable":true,"href":"https:\/\/le-revestudio.com\/index.php\/wp-json\/wp\/v2\/product_cat?post=4631"},{"taxonomy":"product_tag","embeddable":true,"href":"https:\/\/le-revestudio.com\/index.php\/wp-json\/wp\/v2\/product_tag?post=4631"}],"curies":[{"name":"wp","href":"https:\/\/api.w.org\/{rel}","templated":true}]}}