{"id":4782,"date":"2024-10-23T22:16:19","date_gmt":"2024-10-23T22:16:19","guid":{"rendered":"https:\/\/le-revestudio.com\/?post_type=product&#038;p=4782"},"modified":"2025-12-05T10:12:53","modified_gmt":"2025-12-05T10:12:53","slug":"charlotte-skirt","status":"publish","type":"product","link":"https:\/\/le-revestudio.com\/index.php\/product\/charlotte-skirt\/","title":{"rendered":"charlotte skirt"},"content":{"rendered":"<p>derape detayl\u0131 k\u0131sa etek<\/p>\n<p>arka fermuarl\u0131<\/p>\n","protected":false},"excerpt":{"rendered":"<p>derape detayl\u0131 k\u0131sa etek arka fermuarl\u0131<\/p>\n","protected":false},"featured_media":4779,"comment_status":"open","ping_status":"closed","template":"","meta":{"_joinchat":[]},"product_brand":[],"product_cat":[24,15],"product_tag":[],"class_list":{"0":"post-4782","1":"product","2":"type-product","3":"status-publish","4":"has-post-thumbnail","6":"product_cat-skirts","7":"product_cat-all","9":"first","10":"instock","11":"shipping-taxable","12":"purchasable","13":"product-type-variable"},"_links":{"self":[{"href":"https:\/\/le-revestudio.com\/index.php\/wp-json\/wp\/v2\/product\/4782","targetHints":{"allow":["GET"]}}],"collection":[{"href":"https:\/\/le-revestudio.com\/index.php\/wp-json\/wp\/v2\/product"}],"about":[{"href":"https:\/\/le-revestudio.com\/index.php\/wp-json\/wp\/v2\/types\/product"}],"replies":[{"embeddable":true,"href":"https:\/\/le-revestudio.com\/index.php\/wp-json\/wp\/v2\/comments?post=4782"}],"wp:featuredmedia":[{"embeddable":true,"href":"https:\/\/le-revestudio.com\/index.php\/wp-json\/wp\/v2\/media\/4779"}],"wp:attachment":[{"href":"https:\/\/le-revestudio.com\/index.php\/wp-json\/wp\/v2\/media?parent=4782"}],"wp:term":[{"taxonomy":"product_brand","embeddable":true,"href":"https:\/\/le-revestudio.com\/index.php\/wp-json\/wp\/v2\/product_brand?post=4782"},{"taxonomy":"product_cat","embeddable":true,"href":"https:\/\/le-revestudio.com\/index.php\/wp-json\/wp\/v2\/product_cat?post=4782"},{"taxonomy":"product_tag","embeddable":true,"href":"https:\/\/le-revestudio.com\/index.php\/wp-json\/wp\/v2\/product_tag?post=4782"}],"curies":[{"name":"wp","href":"https:\/\/api.w.org\/{rel}","templated":true}]}}