{"id":4791,"date":"2024-10-25T10:25:08","date_gmt":"2024-10-25T10:25:08","guid":{"rendered":"https:\/\/le-revestudio.com\/?post_type=product&#038;p=4791"},"modified":"2025-11-10T19:15:13","modified_gmt":"2025-11-10T19:15:13","slug":"allure-bow-corset","status":"publish","type":"product","link":"https:\/\/le-revestudio.com\/index.php\/product\/allure-bow-corset\/","title":{"rendered":"Allure BOW CORSET"},"content":{"rendered":"<p>siyah kadife b\u00fcstiyer<\/p>\n<p>d\u00fcz renk tasar\u0131m\u0131 ve ask\u0131l\u0131 yap\u0131s\u0131yla kolayca konbinlenebilir<\/p>\n<p>fiyonk detail ile \u00e7ok zarif ve zamans\u0131z bir par\u00e7a<\/p>\n<p>&nbsp;<\/p>\n","protected":false},"excerpt":{"rendered":"<p>siyah kadife b\u00fcstiyer d\u00fcz renk tasar\u0131m\u0131 ve ask\u0131l\u0131 yap\u0131s\u0131yla kolayca konbinlenebilir fiyonk detail ile \u00e7ok zarif ve zamans\u0131z&#8230;<\/p>\n","protected":false},"featured_media":4792,"comment_status":"open","ping_status":"closed","template":"","meta":{"_joinchat":[]},"product_brand":[],"product_cat":[25,23,15],"product_tag":[],"class_list":{"0":"post-4791","1":"product","2":"type-product","3":"status-publish","4":"has-post-thumbnail","6":"product_cat-new","7":"product_cat-tops","8":"product_cat-all","10":"first","11":"instock","12":"shipping-taxable","13":"purchasable","14":"product-type-variable"},"_links":{"self":[{"href":"https:\/\/le-revestudio.com\/index.php\/wp-json\/wp\/v2\/product\/4791","targetHints":{"allow":["GET"]}}],"collection":[{"href":"https:\/\/le-revestudio.com\/index.php\/wp-json\/wp\/v2\/product"}],"about":[{"href":"https:\/\/le-revestudio.com\/index.php\/wp-json\/wp\/v2\/types\/product"}],"replies":[{"embeddable":true,"href":"https:\/\/le-revestudio.com\/index.php\/wp-json\/wp\/v2\/comments?post=4791"}],"wp:featuredmedia":[{"embeddable":true,"href":"https:\/\/le-revestudio.com\/index.php\/wp-json\/wp\/v2\/media\/4792"}],"wp:attachment":[{"href":"https:\/\/le-revestudio.com\/index.php\/wp-json\/wp\/v2\/media?parent=4791"}],"wp:term":[{"taxonomy":"product_brand","embeddable":true,"href":"https:\/\/le-revestudio.com\/index.php\/wp-json\/wp\/v2\/product_brand?post=4791"},{"taxonomy":"product_cat","embeddable":true,"href":"https:\/\/le-revestudio.com\/index.php\/wp-json\/wp\/v2\/product_cat?post=4791"},{"taxonomy":"product_tag","embeddable":true,"href":"https:\/\/le-revestudio.com\/index.php\/wp-json\/wp\/v2\/product_tag?post=4791"}],"curies":[{"name":"wp","href":"https:\/\/api.w.org\/{rel}","templated":true}]}}