{"id":5110,"date":"2024-11-26T07:35:17","date_gmt":"2024-11-26T07:35:17","guid":{"rendered":"https:\/\/le-revestudio.com\/?post_type=product&#038;p=5110"},"modified":"2025-06-01T04:43:05","modified_gmt":"2025-06-01T04:43:05","slug":"flamme-lea-dress","status":"publish","type":"product","link":"https:\/\/le-revestudio.com\/index.php\/product\/flamme-lea-dress\/","title":{"rendered":"flamme lea dress"},"content":{"rendered":"<p>midi \u00a0y\u0131rtma\u00e7l\u0131 elbise<\/p>\n<p>arka dekolte \u00fcst\u00fcne tasarlanan ku\u015f g\u00f6z\u00fc korse<\/p>\n","protected":false},"excerpt":{"rendered":"<p>midi \u00a0y\u0131rtma\u00e7l\u0131 elbise arka dekolte \u00fcst\u00fcne tasarlanan ku\u015f g\u00f6z\u00fc korse<\/p>\n","protected":false},"featured_media":5117,"comment_status":"open","ping_status":"closed","template":"","meta":{"_joinchat":[]},"product_brand":[],"product_cat":[22,15],"product_tag":[],"class_list":{"0":"post-5110","1":"product","2":"type-product","3":"status-publish","4":"has-post-thumbnail","6":"product_cat-dresses","7":"product_cat-all","9":"first","10":"instock","11":"shipping-taxable","12":"purchasable","13":"product-type-variable"},"_links":{"self":[{"href":"https:\/\/le-revestudio.com\/index.php\/wp-json\/wp\/v2\/product\/5110","targetHints":{"allow":["GET"]}}],"collection":[{"href":"https:\/\/le-revestudio.com\/index.php\/wp-json\/wp\/v2\/product"}],"about":[{"href":"https:\/\/le-revestudio.com\/index.php\/wp-json\/wp\/v2\/types\/product"}],"replies":[{"embeddable":true,"href":"https:\/\/le-revestudio.com\/index.php\/wp-json\/wp\/v2\/comments?post=5110"}],"wp:featuredmedia":[{"embeddable":true,"href":"https:\/\/le-revestudio.com\/index.php\/wp-json\/wp\/v2\/media\/5117"}],"wp:attachment":[{"href":"https:\/\/le-revestudio.com\/index.php\/wp-json\/wp\/v2\/media?parent=5110"}],"wp:term":[{"taxonomy":"product_brand","embeddable":true,"href":"https:\/\/le-revestudio.com\/index.php\/wp-json\/wp\/v2\/product_brand?post=5110"},{"taxonomy":"product_cat","embeddable":true,"href":"https:\/\/le-revestudio.com\/index.php\/wp-json\/wp\/v2\/product_cat?post=5110"},{"taxonomy":"product_tag","embeddable":true,"href":"https:\/\/le-revestudio.com\/index.php\/wp-json\/wp\/v2\/product_tag?post=5110"}],"curies":[{"name":"wp","href":"https:\/\/api.w.org\/{rel}","templated":true}]}}