{"id":5205,"date":"2025-05-31T13:18:24","date_gmt":"2025-05-31T13:18:24","guid":{"rendered":"https:\/\/le-revestudio.com\/?post_type=product&#038;p=5205"},"modified":"2025-05-31T13:20:58","modified_gmt":"2025-05-31T13:20:58","slug":"luna-dress","status":"publish","type":"product","link":"https:\/\/le-revestudio.com\/index.php\/product\/luna-dress\/","title":{"rendered":"Luna dress"},"content":{"rendered":"<p>Geceye zarafet katmak i\u00e7in tasarland\u0131. Lune Dress, ay \u0131\u015f\u0131\u011f\u0131 kadar b\u00fcy\u00fcleyici, \u00e7i\u00e7ek ta\u015f detaylar\u0131 \u00a0t\u00fcm bak\u0131\u015flar\u0131 \u00fczerinizde toplar. Balenli yap\u0131s\u0131 sayesinde bedeni sarar, t\u00fcl kuma\u015f\u0131yla hafif ve zarif bir siluet sunar.<br \/>\n\u26a0\ufe0f Bu \u00fcr\u00fcn i\u00e7in iade kabul edilmemektedir, sadece de\u011fi\u015fim yap\u0131lmaktad\u0131r.<\/p>\n","protected":false},"excerpt":{"rendered":"<p>Geceye zarafet katmak i\u00e7in tasarland\u0131. Lune Dress, ay \u0131\u015f\u0131\u011f\u0131 kadar b\u00fcy\u00fcleyici, \u00e7i\u00e7ek ta\u015f detaylar\u0131 \u00a0t\u00fcm bak\u0131\u015flar\u0131 \u00fczerinizde toplar&#8230;.<\/p>\n","protected":false},"featured_media":5202,"comment_status":"open","ping_status":"closed","template":"","meta":{"_joinchat":[]},"product_brand":[],"product_cat":[25,22,15],"product_tag":[],"class_list":{"0":"post-5205","1":"product","2":"type-product","3":"status-publish","4":"has-post-thumbnail","6":"product_cat-new","7":"product_cat-dresses","8":"product_cat-all","10":"first","11":"instock","12":"shipping-taxable","13":"purchasable","14":"product-type-variable"},"_links":{"self":[{"href":"https:\/\/le-revestudio.com\/index.php\/wp-json\/wp\/v2\/product\/5205","targetHints":{"allow":["GET"]}}],"collection":[{"href":"https:\/\/le-revestudio.com\/index.php\/wp-json\/wp\/v2\/product"}],"about":[{"href":"https:\/\/le-revestudio.com\/index.php\/wp-json\/wp\/v2\/types\/product"}],"replies":[{"embeddable":true,"href":"https:\/\/le-revestudio.com\/index.php\/wp-json\/wp\/v2\/comments?post=5205"}],"wp:featuredmedia":[{"embeddable":true,"href":"https:\/\/le-revestudio.com\/index.php\/wp-json\/wp\/v2\/media\/5202"}],"wp:attachment":[{"href":"https:\/\/le-revestudio.com\/index.php\/wp-json\/wp\/v2\/media?parent=5205"}],"wp:term":[{"taxonomy":"product_brand","embeddable":true,"href":"https:\/\/le-revestudio.com\/index.php\/wp-json\/wp\/v2\/product_brand?post=5205"},{"taxonomy":"product_cat","embeddable":true,"href":"https:\/\/le-revestudio.com\/index.php\/wp-json\/wp\/v2\/product_cat?post=5205"},{"taxonomy":"product_tag","embeddable":true,"href":"https:\/\/le-revestudio.com\/index.php\/wp-json\/wp\/v2\/product_tag?post=5205"}],"curies":[{"name":"wp","href":"https:\/\/api.w.org\/{rel}","templated":true}]}}