{"id":5228,"date":"2025-05-31T14:07:43","date_gmt":"2025-05-31T14:07:43","guid":{"rendered":"https:\/\/le-revestudio.com\/?post_type=product&#038;p=5228"},"modified":"2025-05-31T14:07:44","modified_gmt":"2025-05-31T14:07:44","slug":"miniut-skirt","status":"publish","type":"product","link":"https:\/\/le-revestudio.com\/index.php\/product\/miniut-skirt\/","title":{"rendered":"Miniut skirt"},"content":{"rendered":"<p>Siyah Miniut etek<\/p>\n<p>Cesur, zarif ve iddial\u0131. Drapeli yap\u0131s\u0131 ve asimetrik kesimiyle bacaklar\u0131 \u00f6ne \u00e7\u0131karan Miniut etek, her ad\u0131mda \u015f\u0131kl\u0131k vadediyor. Gece davetlerinden \u00f6zel anlara, her kombinin y\u0131ld\u0131z\u0131 olmaya haz\u0131r.<\/p>\n","protected":false},"excerpt":{"rendered":"<p><!--more--><\/p>\n","protected":false},"featured_media":5229,"comment_status":"open","ping_status":"closed","template":"","meta":{"_joinchat":[]},"product_brand":[],"product_cat":[25,24,15],"product_tag":[],"class_list":{"0":"post-5228","1":"product","2":"type-product","3":"status-publish","4":"has-post-thumbnail","6":"product_cat-new","7":"product_cat-skirts","8":"product_cat-all","10":"first","11":"instock","12":"shipping-taxable","13":"purchasable","14":"product-type-variable"},"_links":{"self":[{"href":"https:\/\/le-revestudio.com\/index.php\/wp-json\/wp\/v2\/product\/5228","targetHints":{"allow":["GET"]}}],"collection":[{"href":"https:\/\/le-revestudio.com\/index.php\/wp-json\/wp\/v2\/product"}],"about":[{"href":"https:\/\/le-revestudio.com\/index.php\/wp-json\/wp\/v2\/types\/product"}],"replies":[{"embeddable":true,"href":"https:\/\/le-revestudio.com\/index.php\/wp-json\/wp\/v2\/comments?post=5228"}],"wp:featuredmedia":[{"embeddable":true,"href":"https:\/\/le-revestudio.com\/index.php\/wp-json\/wp\/v2\/media\/5229"}],"wp:attachment":[{"href":"https:\/\/le-revestudio.com\/index.php\/wp-json\/wp\/v2\/media?parent=5228"}],"wp:term":[{"taxonomy":"product_brand","embeddable":true,"href":"https:\/\/le-revestudio.com\/index.php\/wp-json\/wp\/v2\/product_brand?post=5228"},{"taxonomy":"product_cat","embeddable":true,"href":"https:\/\/le-revestudio.com\/index.php\/wp-json\/wp\/v2\/product_cat?post=5228"},{"taxonomy":"product_tag","embeddable":true,"href":"https:\/\/le-revestudio.com\/index.php\/wp-json\/wp\/v2\/product_tag?post=5228"}],"curies":[{"name":"wp","href":"https:\/\/api.w.org\/{rel}","templated":true}]}}