{"id":5237,"date":"2025-06-08T18:23:10","date_gmt":"2025-06-08T18:23:10","guid":{"rendered":"https:\/\/le-revestudio.com\/?post_type=product&#038;p=5237"},"modified":"2025-06-08T18:23:10","modified_gmt":"2025-06-08T18:23:10","slug":"vela-ceket","status":"publish","type":"product","link":"https:\/\/le-revestudio.com\/index.php\/product\/vela-ceket\/","title":{"rendered":"V\u00e9la ceket"},"content":{"rendered":"<ol>\n<li>Zarafetin g\u00fcc\u00fcyle tasarland\u0131.dikkat \u00e7ekici \u00e7i\u00e7ek detay\u0131yla feminen ve sofistike bir duru\u015f sunar. G\u00fcn boyu stilinize e\u015flik edecek ikonik bir par\u00e7a.<\/li>\n<\/ol>\n","protected":false},"excerpt":{"rendered":"<p>Zarafetin g\u00fcc\u00fcyle tasarland\u0131.dikkat \u00e7ekici \u00e7i\u00e7ek detay\u0131yla feminen ve sofistike bir duru\u015f sunar. G\u00fcn boyu stilinize e\u015flik edecek ikonik&#8230;<\/p>\n","protected":false},"featured_media":5238,"comment_status":"open","ping_status":"closed","template":"","meta":{"_joinchat":[]},"product_brand":[],"product_cat":[26,25,15],"product_tag":[],"class_list":{"0":"post-5237","1":"product","2":"type-product","3":"status-publish","4":"has-post-thumbnail","6":"product_cat-jacket","7":"product_cat-new","8":"product_cat-all","10":"first","11":"instock","12":"shipping-taxable","13":"purchasable","14":"product-type-variable"},"_links":{"self":[{"href":"https:\/\/le-revestudio.com\/index.php\/wp-json\/wp\/v2\/product\/5237","targetHints":{"allow":["GET"]}}],"collection":[{"href":"https:\/\/le-revestudio.com\/index.php\/wp-json\/wp\/v2\/product"}],"about":[{"href":"https:\/\/le-revestudio.com\/index.php\/wp-json\/wp\/v2\/types\/product"}],"replies":[{"embeddable":true,"href":"https:\/\/le-revestudio.com\/index.php\/wp-json\/wp\/v2\/comments?post=5237"}],"wp:featuredmedia":[{"embeddable":true,"href":"https:\/\/le-revestudio.com\/index.php\/wp-json\/wp\/v2\/media\/5238"}],"wp:attachment":[{"href":"https:\/\/le-revestudio.com\/index.php\/wp-json\/wp\/v2\/media?parent=5237"}],"wp:term":[{"taxonomy":"product_brand","embeddable":true,"href":"https:\/\/le-revestudio.com\/index.php\/wp-json\/wp\/v2\/product_brand?post=5237"},{"taxonomy":"product_cat","embeddable":true,"href":"https:\/\/le-revestudio.com\/index.php\/wp-json\/wp\/v2\/product_cat?post=5237"},{"taxonomy":"product_tag","embeddable":true,"href":"https:\/\/le-revestudio.com\/index.php\/wp-json\/wp\/v2\/product_tag?post=5237"}],"curies":[{"name":"wp","href":"https:\/\/api.w.org\/{rel}","templated":true}]}}