{"id":5243,"date":"2025-06-08T18:34:37","date_gmt":"2025-06-08T18:34:37","guid":{"rendered":"https:\/\/le-revestudio.com\/?post_type=product&#038;p=5243"},"modified":"2025-11-10T19:02:49","modified_gmt":"2025-11-10T19:02:49","slug":"vela-corset","status":"publish","type":"product","link":"https:\/\/le-revestudio.com\/index.php\/product\/vela-corset\/","title":{"rendered":"V\u00e9la corset"},"content":{"rendered":"<p>V\u00e9la, v\u00fccut hatlar\u0131n\u0131 zarif\u00e7e \u015fekillendiren g\u00fc\u00e7l\u00fc bir sil\u00fcet sunar. \u00d6zenle yerle\u015ftirilmi\u015f beyaz detaylar\u0131 ve arka k\u0131sm\u0131ndaki ayarlanabilir ba\u011fc\u0131klar\u0131 ile hem estetik hem de fonksiyonel bir tasar\u0131m sunar. Modern ve feminen g\u00f6r\u00fcn\u00fcm\u00fcn\u00fcz\u00fc tamamlamak i\u00e7in tasarland\u0131.<\/p>\n","protected":false},"excerpt":{"rendered":"<p>V\u00e9la, v\u00fccut hatlar\u0131n\u0131 zarif\u00e7e \u015fekillendiren g\u00fc\u00e7l\u00fc bir sil\u00fcet sunar. \u00d6zenle yerle\u015ftirilmi\u015f beyaz detaylar\u0131 ve arka k\u0131sm\u0131ndaki ayarlanabilir ba\u011fc\u0131klar\u0131&#8230;<\/p>\n","protected":false},"featured_media":5246,"comment_status":"open","ping_status":"closed","template":"","meta":{"_joinchat":[]},"product_brand":[],"product_cat":[25,23,15],"product_tag":[],"class_list":{"0":"post-5243","1":"product","2":"type-product","3":"status-publish","4":"has-post-thumbnail","6":"product_cat-new","7":"product_cat-tops","8":"product_cat-all","10":"first","11":"instock","12":"shipping-taxable","13":"purchasable","14":"product-type-variable"},"_links":{"self":[{"href":"https:\/\/le-revestudio.com\/index.php\/wp-json\/wp\/v2\/product\/5243","targetHints":{"allow":["GET"]}}],"collection":[{"href":"https:\/\/le-revestudio.com\/index.php\/wp-json\/wp\/v2\/product"}],"about":[{"href":"https:\/\/le-revestudio.com\/index.php\/wp-json\/wp\/v2\/types\/product"}],"replies":[{"embeddable":true,"href":"https:\/\/le-revestudio.com\/index.php\/wp-json\/wp\/v2\/comments?post=5243"}],"wp:featuredmedia":[{"embeddable":true,"href":"https:\/\/le-revestudio.com\/index.php\/wp-json\/wp\/v2\/media\/5246"}],"wp:attachment":[{"href":"https:\/\/le-revestudio.com\/index.php\/wp-json\/wp\/v2\/media?parent=5243"}],"wp:term":[{"taxonomy":"product_brand","embeddable":true,"href":"https:\/\/le-revestudio.com\/index.php\/wp-json\/wp\/v2\/product_brand?post=5243"},{"taxonomy":"product_cat","embeddable":true,"href":"https:\/\/le-revestudio.com\/index.php\/wp-json\/wp\/v2\/product_cat?post=5243"},{"taxonomy":"product_tag","embeddable":true,"href":"https:\/\/le-revestudio.com\/index.php\/wp-json\/wp\/v2\/product_tag?post=5243"}],"curies":[{"name":"wp","href":"https:\/\/api.w.org\/{rel}","templated":true}]}}