{"id":5262,"date":"2025-06-08T19:35:26","date_gmt":"2025-06-08T19:35:26","guid":{"rendered":"https:\/\/le-revestudio.com\/?post_type=product&#038;p=5262"},"modified":"2025-06-08T19:35:26","modified_gmt":"2025-06-08T19:35:26","slug":"alba-jacket-2","status":"publish","type":"product","link":"https:\/\/le-revestudio.com\/index.php\/product\/alba-jacket-2\/","title":{"rendered":"Alba jacket"},"content":{"rendered":"<p>K\u0131sa formu ve zarif i\u015flemeleriyle modern zarafeti yans\u0131tan Alba Ceket, \u00f6zel g\u00fcn stillerine sofistike bir dokunu\u015f katar. \u0130ddial\u0131 yakas\u0131 ve \u015f\u0131k kesimiyle her kombini bir \u00fcst seviyeye ta\u015f\u0131r.<\/p>\n<p>\u0130sterseniz kendi tak\u0131m\u0131yla birlikte b\u00fcstiyer ve etekle, isterseniz jean pantolonlarla g\u00fcnl\u00fck \u015f\u0131kl\u0131k i\u00e7in kombinleyebilirsiniz.<\/p>\n","protected":false},"excerpt":{"rendered":"<p>K\u0131sa formu ve zarif i\u015flemeleriyle modern zarafeti yans\u0131tan Alba Ceket, \u00f6zel g\u00fcn stillerine sofistike bir dokunu\u015f katar. \u0130ddial\u0131&#8230;<\/p>\n","protected":false},"featured_media":5229,"comment_status":"open","ping_status":"closed","template":"","meta":{"_joinchat":[]},"product_brand":[],"product_cat":[26,23,15],"product_tag":[],"class_list":{"0":"post-5262","1":"product","2":"type-product","3":"status-publish","4":"has-post-thumbnail","6":"product_cat-jacket","7":"product_cat-tops","8":"product_cat-all","10":"first","11":"instock","12":"shipping-taxable","13":"purchasable","14":"product-type-variable"},"_links":{"self":[{"href":"https:\/\/le-revestudio.com\/index.php\/wp-json\/wp\/v2\/product\/5262","targetHints":{"allow":["GET"]}}],"collection":[{"href":"https:\/\/le-revestudio.com\/index.php\/wp-json\/wp\/v2\/product"}],"about":[{"href":"https:\/\/le-revestudio.com\/index.php\/wp-json\/wp\/v2\/types\/product"}],"replies":[{"embeddable":true,"href":"https:\/\/le-revestudio.com\/index.php\/wp-json\/wp\/v2\/comments?post=5262"}],"wp:featuredmedia":[{"embeddable":true,"href":"https:\/\/le-revestudio.com\/index.php\/wp-json\/wp\/v2\/media\/5229"}],"wp:attachment":[{"href":"https:\/\/le-revestudio.com\/index.php\/wp-json\/wp\/v2\/media?parent=5262"}],"wp:term":[{"taxonomy":"product_brand","embeddable":true,"href":"https:\/\/le-revestudio.com\/index.php\/wp-json\/wp\/v2\/product_brand?post=5262"},{"taxonomy":"product_cat","embeddable":true,"href":"https:\/\/le-revestudio.com\/index.php\/wp-json\/wp\/v2\/product_cat?post=5262"},{"taxonomy":"product_tag","embeddable":true,"href":"https:\/\/le-revestudio.com\/index.php\/wp-json\/wp\/v2\/product_tag?post=5262"}],"curies":[{"name":"wp","href":"https:\/\/api.w.org\/{rel}","templated":true}]}}