{"id":5265,"date":"2025-06-08T19:42:35","date_gmt":"2025-06-08T19:42:35","guid":{"rendered":"https:\/\/le-revestudio.com\/?post_type=product&#038;p=5265"},"modified":"2025-06-08T19:42:35","modified_gmt":"2025-06-08T19:42:35","slug":"alba-corset-2","status":"publish","type":"product","link":"https:\/\/le-revestudio.com\/index.php\/product\/alba-corset-2\/","title":{"rendered":"Alba corset"},"content":{"rendered":"<blockquote><p>Minimal tasar\u0131m\u0131 ve g\u00fc\u00e7l\u00fc formuyla \u00f6ne \u00e7\u0131kan Alba B\u00fcstiyer, s\u0131rt k\u0131sm\u0131ndaki ba\u011fc\u0131k detay\u0131yla v\u00fccuda tam oturur. Tak\u0131m etekle zarif bir uyum sa\u011flarken, jean ya da klasik pantolonlarla modern bir stile d\u00f6n\u00fc\u015febilir.<\/p><\/blockquote>\n","protected":false},"excerpt":{"rendered":"<p>Minimal tasar\u0131m\u0131 ve g\u00fc\u00e7l\u00fc formuyla \u00f6ne \u00e7\u0131kan Alba B\u00fcstiyer, s\u0131rt k\u0131sm\u0131ndaki ba\u011fc\u0131k detay\u0131yla v\u00fccuda tam oturur. Tak\u0131m etekle&#8230;<\/p>\n","protected":false},"featured_media":5266,"comment_status":"open","ping_status":"closed","template":"","meta":{"_joinchat":[]},"product_brand":[],"product_cat":[25,23,15],"product_tag":[],"class_list":{"0":"post-5265","1":"product","2":"type-product","3":"status-publish","4":"has-post-thumbnail","6":"product_cat-new","7":"product_cat-tops","8":"product_cat-all","10":"first","11":"instock","12":"shipping-taxable","13":"purchasable","14":"product-type-variable"},"_links":{"self":[{"href":"https:\/\/le-revestudio.com\/index.php\/wp-json\/wp\/v2\/product\/5265","targetHints":{"allow":["GET"]}}],"collection":[{"href":"https:\/\/le-revestudio.com\/index.php\/wp-json\/wp\/v2\/product"}],"about":[{"href":"https:\/\/le-revestudio.com\/index.php\/wp-json\/wp\/v2\/types\/product"}],"replies":[{"embeddable":true,"href":"https:\/\/le-revestudio.com\/index.php\/wp-json\/wp\/v2\/comments?post=5265"}],"wp:featuredmedia":[{"embeddable":true,"href":"https:\/\/le-revestudio.com\/index.php\/wp-json\/wp\/v2\/media\/5266"}],"wp:attachment":[{"href":"https:\/\/le-revestudio.com\/index.php\/wp-json\/wp\/v2\/media?parent=5265"}],"wp:term":[{"taxonomy":"product_brand","embeddable":true,"href":"https:\/\/le-revestudio.com\/index.php\/wp-json\/wp\/v2\/product_brand?post=5265"},{"taxonomy":"product_cat","embeddable":true,"href":"https:\/\/le-revestudio.com\/index.php\/wp-json\/wp\/v2\/product_cat?post=5265"},{"taxonomy":"product_tag","embeddable":true,"href":"https:\/\/le-revestudio.com\/index.php\/wp-json\/wp\/v2\/product_tag?post=5265"}],"curies":[{"name":"wp","href":"https:\/\/api.w.org\/{rel}","templated":true}]}}