{"id":5273,"date":"2025-06-08T19:46:40","date_gmt":"2025-06-08T19:46:40","guid":{"rendered":"https:\/\/le-revestudio.com\/?post_type=product&#038;p=5273"},"modified":"2025-06-08T19:46:40","modified_gmt":"2025-06-08T19:46:40","slug":"alba-skirt-2","status":"publish","type":"product","link":"https:\/\/le-revestudio.com\/index.php\/product\/alba-skirt-2\/","title":{"rendered":"Alba skirt"},"content":{"rendered":"<p>Midi boy ve y\u00fcksek bel formuyla hem \u015f\u0131k hem rahat bir se\u00e7enek sunan Alba Etek, tak\u0131m b\u00fcstiyerle zarif bir uyum yakalar. Basic bir crop top ile ise modern ve g\u00fcnl\u00fck bir stil olu\u015fturabilirsiniz.<\/p>\n","protected":false},"excerpt":{"rendered":"<p>Midi boy ve y\u00fcksek bel formuyla hem \u015f\u0131k hem rahat bir se\u00e7enek sunan Alba Etek, tak\u0131m b\u00fcstiyerle zarif&#8230;<\/p>\n","protected":false},"featured_media":5268,"comment_status":"open","ping_status":"closed","template":"","meta":{"_joinchat":[]},"product_brand":[],"product_cat":[25,24,15],"product_tag":[],"class_list":{"0":"post-5273","1":"product","2":"type-product","3":"status-publish","4":"has-post-thumbnail","6":"product_cat-new","7":"product_cat-skirts","8":"product_cat-all","10":"first","11":"instock","12":"shipping-taxable","13":"purchasable","14":"product-type-variable"},"_links":{"self":[{"href":"https:\/\/le-revestudio.com\/index.php\/wp-json\/wp\/v2\/product\/5273","targetHints":{"allow":["GET"]}}],"collection":[{"href":"https:\/\/le-revestudio.com\/index.php\/wp-json\/wp\/v2\/product"}],"about":[{"href":"https:\/\/le-revestudio.com\/index.php\/wp-json\/wp\/v2\/types\/product"}],"replies":[{"embeddable":true,"href":"https:\/\/le-revestudio.com\/index.php\/wp-json\/wp\/v2\/comments?post=5273"}],"wp:featuredmedia":[{"embeddable":true,"href":"https:\/\/le-revestudio.com\/index.php\/wp-json\/wp\/v2\/media\/5268"}],"wp:attachment":[{"href":"https:\/\/le-revestudio.com\/index.php\/wp-json\/wp\/v2\/media?parent=5273"}],"wp:term":[{"taxonomy":"product_brand","embeddable":true,"href":"https:\/\/le-revestudio.com\/index.php\/wp-json\/wp\/v2\/product_brand?post=5273"},{"taxonomy":"product_cat","embeddable":true,"href":"https:\/\/le-revestudio.com\/index.php\/wp-json\/wp\/v2\/product_cat?post=5273"},{"taxonomy":"product_tag","embeddable":true,"href":"https:\/\/le-revestudio.com\/index.php\/wp-json\/wp\/v2\/product_tag?post=5273"}],"curies":[{"name":"wp","href":"https:\/\/api.w.org\/{rel}","templated":true}]}}