{"id":5282,"date":"2025-06-08T19:59:09","date_gmt":"2025-06-08T19:59:09","guid":{"rendered":"https:\/\/le-revestudio.com\/?post_type=product&#038;p=5282"},"modified":"2025-06-08T19:59:09","modified_gmt":"2025-06-08T19:59:09","slug":"princess-dress-2","status":"publish","type":"product","link":"https:\/\/le-revestudio.com\/index.php\/product\/princess-dress-2\/","title":{"rendered":"Princess dress"},"content":{"rendered":"<p>Modern prensesler i\u00e7in tasarlanan Princess Dress, asimetrik straplez yakas\u0131 ve transparan yan t\u00fcl detaylar\u0131yla dikkat \u00e7eker. V\u00fccuda oturan formu ve etek ucundaki inci ta\u015f i\u015flemeleriyle sofistike ve g\u00fc\u00e7l\u00fc bir duru\u015f sunar. Gecenin y\u0131ld\u0131z\u0131 olmak isteyenler i\u00e7in cesur ve zarif bir se\u00e7im.<\/p>\n<p>Bu \u00fcr\u00fcn iade edilemez, sadece de\u011fi\u015fim yap\u0131labilir.<\/p>\n","protected":false},"excerpt":{"rendered":"<p>Modern prensesler i\u00e7in tasarlanan Princess Dress, asimetrik straplez yakas\u0131 ve transparan yan t\u00fcl detaylar\u0131yla dikkat \u00e7eker. V\u00fccuda oturan&#8230;<\/p>\n","protected":false},"featured_media":5283,"comment_status":"open","ping_status":"closed","template":"","meta":{"_joinchat":[]},"product_brand":[],"product_cat":[25,22,15],"product_tag":[],"class_list":{"0":"post-5282","1":"product","2":"type-product","3":"status-publish","4":"has-post-thumbnail","6":"product_cat-new","7":"product_cat-dresses","8":"product_cat-all","10":"first","11":"instock","12":"shipping-taxable","13":"purchasable","14":"product-type-variable"},"_links":{"self":[{"href":"https:\/\/le-revestudio.com\/index.php\/wp-json\/wp\/v2\/product\/5282","targetHints":{"allow":["GET"]}}],"collection":[{"href":"https:\/\/le-revestudio.com\/index.php\/wp-json\/wp\/v2\/product"}],"about":[{"href":"https:\/\/le-revestudio.com\/index.php\/wp-json\/wp\/v2\/types\/product"}],"replies":[{"embeddable":true,"href":"https:\/\/le-revestudio.com\/index.php\/wp-json\/wp\/v2\/comments?post=5282"}],"wp:featuredmedia":[{"embeddable":true,"href":"https:\/\/le-revestudio.com\/index.php\/wp-json\/wp\/v2\/media\/5283"}],"wp:attachment":[{"href":"https:\/\/le-revestudio.com\/index.php\/wp-json\/wp\/v2\/media?parent=5282"}],"wp:term":[{"taxonomy":"product_brand","embeddable":true,"href":"https:\/\/le-revestudio.com\/index.php\/wp-json\/wp\/v2\/product_brand?post=5282"},{"taxonomy":"product_cat","embeddable":true,"href":"https:\/\/le-revestudio.com\/index.php\/wp-json\/wp\/v2\/product_cat?post=5282"},{"taxonomy":"product_tag","embeddable":true,"href":"https:\/\/le-revestudio.com\/index.php\/wp-json\/wp\/v2\/product_tag?post=5282"}],"curies":[{"name":"wp","href":"https:\/\/api.w.org\/{rel}","templated":true}]}}