{"id":5483,"date":"2025-12-05T08:48:44","date_gmt":"2025-12-05T08:48:44","guid":{"rendered":"https:\/\/le-revestudio.com\/?post_type=product&#038;p=5483"},"modified":"2025-12-05T08:50:07","modified_gmt":"2025-12-05T08:50:07","slug":"perla-dress","status":"publish","type":"product","link":"https:\/\/le-revestudio.com\/index.php\/product\/perla-dress\/","title":{"rendered":"perla dress"},"content":{"rendered":"<p><b>\u2022 Tweed kuma\u015ftan \u00fcretilmi\u015ftir.<\/b><\/p>\n<p><b>\u2022 Tam astarl\u0131d\u0131r.<\/b><\/p>\n<p><b>\u2022 Arka k\u0131s\u0131mda fermuar bulunmaktad\u0131r.<\/b><\/p>\n<p><b>\u2022 \u00dcr\u00fcn standart bedendir.<\/b><\/p>\n<p><b>\u2022 Manken 180 cm boyunda olup Small beden giymektedir.<\/b><\/p>\n","protected":false},"excerpt":{"rendered":"<p>\u2022 Tweed kuma\u015ftan \u00fcretilmi\u015ftir. \u2022 Tam astarl\u0131d\u0131r. \u2022 Arka k\u0131s\u0131mda fermuar bulunmaktad\u0131r. \u2022 \u00dcr\u00fcn standart bedendir. \u2022 Manken&#8230;<\/p>\n","protected":false},"featured_media":5492,"comment_status":"open","ping_status":"closed","template":"","meta":{"_joinchat":[]},"product_brand":[],"product_cat":[25,22,15],"product_tag":[],"class_list":{"0":"post-5483","1":"product","2":"type-product","3":"status-publish","4":"has-post-thumbnail","6":"product_cat-new","7":"product_cat-dresses","8":"product_cat-all","10":"first","11":"instock","12":"shipping-taxable","13":"purchasable","14":"product-type-variable"},"_links":{"self":[{"href":"https:\/\/le-revestudio.com\/index.php\/wp-json\/wp\/v2\/product\/5483","targetHints":{"allow":["GET"]}}],"collection":[{"href":"https:\/\/le-revestudio.com\/index.php\/wp-json\/wp\/v2\/product"}],"about":[{"href":"https:\/\/le-revestudio.com\/index.php\/wp-json\/wp\/v2\/types\/product"}],"replies":[{"embeddable":true,"href":"https:\/\/le-revestudio.com\/index.php\/wp-json\/wp\/v2\/comments?post=5483"}],"wp:featuredmedia":[{"embeddable":true,"href":"https:\/\/le-revestudio.com\/index.php\/wp-json\/wp\/v2\/media\/5492"}],"wp:attachment":[{"href":"https:\/\/le-revestudio.com\/index.php\/wp-json\/wp\/v2\/media?parent=5483"}],"wp:term":[{"taxonomy":"product_brand","embeddable":true,"href":"https:\/\/le-revestudio.com\/index.php\/wp-json\/wp\/v2\/product_brand?post=5483"},{"taxonomy":"product_cat","embeddable":true,"href":"https:\/\/le-revestudio.com\/index.php\/wp-json\/wp\/v2\/product_cat?post=5483"},{"taxonomy":"product_tag","embeddable":true,"href":"https:\/\/le-revestudio.com\/index.php\/wp-json\/wp\/v2\/product_tag?post=5483"}],"curies":[{"name":"wp","href":"https:\/\/api.w.org\/{rel}","templated":true}]}}