{"id":5502,"date":"2025-12-05T09:21:26","date_gmt":"2025-12-05T09:21:26","guid":{"rendered":"https:\/\/le-revestudio.com\/?post_type=product&#038;p=5502"},"modified":"2025-12-05T09:23:25","modified_gmt":"2025-12-05T09:23:25","slug":"elora-dress","status":"publish","type":"product","link":"https:\/\/le-revestudio.com\/index.php\/product\/elora-dress\/","title":{"rendered":"Elora dress"},"content":{"rendered":"<p>\u2022 Uzun kollu, y\u00fcksek yakal\u0131 tasar\u0131m<\/p>\n<p><span class=\"Apple-converted-space\">\u00a0<\/span>\u2022 Derin s\u0131rt dekoltesi<\/p>\n<p><span class=\"Apple-converted-space\">\u00a0<\/span>\u2022 Drapeli mini etek formu<\/p>\n<p><span class=\"Apple-converted-space\">\u00a0<\/span>\u2022 Esnek ve v\u00fccuda oturan kuma\u015f<\/p>\n<p><span class=\"Apple-converted-space\">\u00a0<\/span>\u2022 Standart beden kal\u0131b\u0131<\/p>\n<p><span class=\"Apple-converted-space\">\u00a0<\/span>\u2022 Manken boyu: 180 cm<\/p>\n<p><span class=\"Apple-converted-space\">\u00a0<\/span>\u2022 Manken \u00fczerindeki beden: Small<\/p>\n","protected":false},"excerpt":{"rendered":"<p>\u2022 Uzun kollu, y\u00fcksek yakal\u0131 tasar\u0131m \u00a0\u2022 Derin s\u0131rt dekoltesi \u00a0\u2022 Drapeli mini etek formu \u00a0\u2022 Esnek ve&#8230;<\/p>\n","protected":false},"featured_media":5508,"comment_status":"open","ping_status":"closed","template":"","meta":{"_joinchat":[]},"product_brand":[],"product_cat":[25,22,15],"product_tag":[],"class_list":{"0":"post-5502","1":"product","2":"type-product","3":"status-publish","4":"has-post-thumbnail","6":"product_cat-new","7":"product_cat-dresses","8":"product_cat-all","10":"first","11":"instock","12":"shipping-taxable","13":"purchasable","14":"product-type-variable"},"_links":{"self":[{"href":"https:\/\/le-revestudio.com\/index.php\/wp-json\/wp\/v2\/product\/5502","targetHints":{"allow":["GET"]}}],"collection":[{"href":"https:\/\/le-revestudio.com\/index.php\/wp-json\/wp\/v2\/product"}],"about":[{"href":"https:\/\/le-revestudio.com\/index.php\/wp-json\/wp\/v2\/types\/product"}],"replies":[{"embeddable":true,"href":"https:\/\/le-revestudio.com\/index.php\/wp-json\/wp\/v2\/comments?post=5502"}],"wp:featuredmedia":[{"embeddable":true,"href":"https:\/\/le-revestudio.com\/index.php\/wp-json\/wp\/v2\/media\/5508"}],"wp:attachment":[{"href":"https:\/\/le-revestudio.com\/index.php\/wp-json\/wp\/v2\/media?parent=5502"}],"wp:term":[{"taxonomy":"product_brand","embeddable":true,"href":"https:\/\/le-revestudio.com\/index.php\/wp-json\/wp\/v2\/product_brand?post=5502"},{"taxonomy":"product_cat","embeddable":true,"href":"https:\/\/le-revestudio.com\/index.php\/wp-json\/wp\/v2\/product_cat?post=5502"},{"taxonomy":"product_tag","embeddable":true,"href":"https:\/\/le-revestudio.com\/index.php\/wp-json\/wp\/v2\/product_tag?post=5502"}],"curies":[{"name":"wp","href":"https:\/\/api.w.org\/{rel}","templated":true}]}}