{"id":5513,"date":"2025-12-05T09:34:10","date_gmt":"2025-12-05T09:34:10","guid":{"rendered":"https:\/\/le-revestudio.com\/?post_type=product&#038;p=5513"},"modified":"2025-12-05T09:35:09","modified_gmt":"2025-12-05T09:35:09","slug":"miniut-corset-2","status":"publish","type":"product","link":"https:\/\/le-revestudio.com\/index.php\/product\/miniut-corset-2\/","title":{"rendered":"miniut corset"},"content":{"rendered":"<p>\u2022 \u00d6zel dokulu tweed kuma\u015f<\/p>\n<p><span class=\"Apple-converted-space\">\u00a0<\/span>\u2022 \u00d6nde korsaj g\u00f6r\u00fcn\u00fcm\u00fc veren ba\u011fc\u0131k detayl\u0131 tasar\u0131m<\/p>\n<p><span class=\"Apple-converted-space\">\u00a0<\/span>\u2022 Straplez ve frans\u0131z kesim sil\u00fcet<\/p>\n<p><span class=\"Apple-converted-space\">\u00a0<\/span>\u2022 Asimetrik ve p\u00fcsk\u00fcll\u00fc alt biti\u015f<\/p>\n<p><span class=\"Apple-converted-space\">\u00a0<\/span>\u2022 <b>Arka k\u0131sm\u0131 fermuarl\u0131, kolay ve rahat giyilir<\/b><\/p>\n<p><span class=\"Apple-converted-space\">\u00a0<\/span>\u2022 Manken boyu: 180 cm<\/p>\n<p><span class=\"Apple-converted-space\">\u00a0<\/span>\u2022 Manken \u00fczerindeki beden: small<\/p>\n","protected":false},"excerpt":{"rendered":"<p>\u2022 \u00d6zel dokulu tweed kuma\u015f \u00a0\u2022 \u00d6nde korsaj g\u00f6r\u00fcn\u00fcm\u00fc veren ba\u011fc\u0131k detayl\u0131 tasar\u0131m \u00a0\u2022 Straplez ve frans\u0131z kesim&#8230;<\/p>\n","protected":false},"featured_media":5517,"comment_status":"open","ping_status":"closed","template":"","meta":{"_joinchat":[]},"product_brand":[],"product_cat":[25,23,15],"product_tag":[],"class_list":{"0":"post-5513","1":"product","2":"type-product","3":"status-publish","4":"has-post-thumbnail","6":"product_cat-new","7":"product_cat-tops","8":"product_cat-all","10":"first","11":"instock","12":"shipping-taxable","13":"purchasable","14":"product-type-variable"},"_links":{"self":[{"href":"https:\/\/le-revestudio.com\/index.php\/wp-json\/wp\/v2\/product\/5513","targetHints":{"allow":["GET"]}}],"collection":[{"href":"https:\/\/le-revestudio.com\/index.php\/wp-json\/wp\/v2\/product"}],"about":[{"href":"https:\/\/le-revestudio.com\/index.php\/wp-json\/wp\/v2\/types\/product"}],"replies":[{"embeddable":true,"href":"https:\/\/le-revestudio.com\/index.php\/wp-json\/wp\/v2\/comments?post=5513"}],"wp:featuredmedia":[{"embeddable":true,"href":"https:\/\/le-revestudio.com\/index.php\/wp-json\/wp\/v2\/media\/5517"}],"wp:attachment":[{"href":"https:\/\/le-revestudio.com\/index.php\/wp-json\/wp\/v2\/media?parent=5513"}],"wp:term":[{"taxonomy":"product_brand","embeddable":true,"href":"https:\/\/le-revestudio.com\/index.php\/wp-json\/wp\/v2\/product_brand?post=5513"},{"taxonomy":"product_cat","embeddable":true,"href":"https:\/\/le-revestudio.com\/index.php\/wp-json\/wp\/v2\/product_cat?post=5513"},{"taxonomy":"product_tag","embeddable":true,"href":"https:\/\/le-revestudio.com\/index.php\/wp-json\/wp\/v2\/product_tag?post=5513"}],"curies":[{"name":"wp","href":"https:\/\/api.w.org\/{rel}","templated":true}]}}