{"id":5520,"date":"2025-12-05T09:43:29","date_gmt":"2025-12-05T09:43:29","guid":{"rendered":"https:\/\/le-revestudio.com\/?post_type=product&#038;p=5520"},"modified":"2025-12-05T09:44:49","modified_gmt":"2025-12-05T09:44:49","slug":"noa-pants","status":"publish","type":"product","link":"https:\/\/le-revestudio.com\/index.php\/product\/noa-pants\/","title":{"rendered":"Noa pants"},"content":{"rendered":"<p>\u2022 \u00d6zel dokulu tweed kuma\u015f<\/p>\n<p><span class=\"Apple-converted-space\">\u00a0<\/span>\u2022 Y\u00fcksek bel, d\u00fcz ve uzun pa\u00e7a formu<\/p>\n<p><span class=\"Apple-converted-space\">\u00a0<\/span>\u2022 Yan y\u0131rtma\u00e7 \u00fczerinde gold d\u00fc\u011fme detaylar\u0131<\/p>\n<p><span class=\"Apple-converted-space\">\u00a0<\/span>\u2022 \u015e\u0131k ve zamans\u0131z sil\u00fcet<\/p>\n<p><span class=\"Apple-converted-space\">\u00a0<\/span>\u2022 Standart beden kal\u0131b\u0131<\/p>\n<p><span class=\"Apple-converted-space\">\u00a0<\/span>\u2022 Manken boyu: 180 cm<\/p>\n<p><span class=\"Apple-converted-space\">\u00a0<\/span>\u2022 Manken \u00fczerindeki beden: Small<\/p>\n","protected":false},"excerpt":{"rendered":"<p>\u2022 \u00d6zel dokulu tweed kuma\u015f \u00a0\u2022 Y\u00fcksek bel, d\u00fcz ve uzun pa\u00e7a formu \u00a0\u2022 Yan y\u0131rtma\u00e7 \u00fczerinde gold&#8230;<\/p>\n","protected":false},"featured_media":5524,"comment_status":"open","ping_status":"closed","template":"","meta":{"_joinchat":[]},"product_brand":[],"product_cat":[25,28,15],"product_tag":[],"class_list":{"0":"post-5520","1":"product","2":"type-product","3":"status-publish","4":"has-post-thumbnail","6":"product_cat-new","7":"product_cat-trousers","8":"product_cat-all","10":"first","11":"instock","12":"shipping-taxable","13":"purchasable","14":"product-type-variable"},"_links":{"self":[{"href":"https:\/\/le-revestudio.com\/index.php\/wp-json\/wp\/v2\/product\/5520","targetHints":{"allow":["GET"]}}],"collection":[{"href":"https:\/\/le-revestudio.com\/index.php\/wp-json\/wp\/v2\/product"}],"about":[{"href":"https:\/\/le-revestudio.com\/index.php\/wp-json\/wp\/v2\/types\/product"}],"replies":[{"embeddable":true,"href":"https:\/\/le-revestudio.com\/index.php\/wp-json\/wp\/v2\/comments?post=5520"}],"wp:featuredmedia":[{"embeddable":true,"href":"https:\/\/le-revestudio.com\/index.php\/wp-json\/wp\/v2\/media\/5524"}],"wp:attachment":[{"href":"https:\/\/le-revestudio.com\/index.php\/wp-json\/wp\/v2\/media?parent=5520"}],"wp:term":[{"taxonomy":"product_brand","embeddable":true,"href":"https:\/\/le-revestudio.com\/index.php\/wp-json\/wp\/v2\/product_brand?post=5520"},{"taxonomy":"product_cat","embeddable":true,"href":"https:\/\/le-revestudio.com\/index.php\/wp-json\/wp\/v2\/product_cat?post=5520"},{"taxonomy":"product_tag","embeddable":true,"href":"https:\/\/le-revestudio.com\/index.php\/wp-json\/wp\/v2\/product_tag?post=5520"}],"curies":[{"name":"wp","href":"https:\/\/api.w.org\/{rel}","templated":true}]}}