{"id":5527,"date":"2025-12-05T09:53:40","date_gmt":"2025-12-05T09:53:40","guid":{"rendered":"https:\/\/le-revestudio.com\/?post_type=product&#038;p=5527"},"modified":"2025-12-23T17:53:30","modified_gmt":"2025-12-23T17:53:30","slug":"velora-dress","status":"publish","type":"product","link":"https:\/\/le-revestudio.com\/index.php\/product\/velora-dress\/","title":{"rendered":"velora dress"},"content":{"rendered":"<p>\u2022 Y\u00fcksek yakal\u0131, uzun kollu tasar\u0131m<\/p>\n<p><span class=\"Apple-converted-space\">\u00a0<\/span>\u2022 Bel k\u0131sm\u0131nda gold tokal\u0131 cut-out detay<\/p>\n<p><span class=\"Apple-converted-space\">\u00a0<\/span>\u2022 V\u00fccuda oturan zarif uzun elbise formu<\/p>\n<p><span class=\"Apple-converted-space\">\u00a0<\/span>\u2022 Esnek ve ak\u0131c\u0131 kuma\u015f<\/p>\n<p><span class=\"Apple-converted-space\">\u00a0<\/span>\u2022 Standart beden kal\u0131b\u0131<\/p>\n<p><span class=\"Apple-converted-space\">\u00a0<\/span>\u2022 Manken boyu: 180 cm<\/p>\n<p><span class=\"Apple-converted-space\">\u00a0<\/span>\u2022 Manken \u00fczerindeki beden: Small<\/p>\n","protected":false},"excerpt":{"rendered":"<p>\u2022 Y\u00fcksek yakal\u0131, uzun kollu tasar\u0131m \u00a0\u2022 Bel k\u0131sm\u0131nda gold tokal\u0131 cut-out detay \u00a0\u2022 V\u00fccuda oturan zarif uzun&#8230;<\/p>\n","protected":false},"featured_media":5575,"comment_status":"open","ping_status":"closed","template":"","meta":{"_joinchat":[]},"product_brand":[],"product_cat":[25,22,15],"product_tag":[],"class_list":{"0":"post-5527","1":"product","2":"type-product","3":"status-publish","4":"has-post-thumbnail","6":"product_cat-new","7":"product_cat-dresses","8":"product_cat-all","10":"first","11":"instock","12":"shipping-taxable","13":"purchasable","14":"product-type-variable"},"_links":{"self":[{"href":"https:\/\/le-revestudio.com\/index.php\/wp-json\/wp\/v2\/product\/5527","targetHints":{"allow":["GET"]}}],"collection":[{"href":"https:\/\/le-revestudio.com\/index.php\/wp-json\/wp\/v2\/product"}],"about":[{"href":"https:\/\/le-revestudio.com\/index.php\/wp-json\/wp\/v2\/types\/product"}],"replies":[{"embeddable":true,"href":"https:\/\/le-revestudio.com\/index.php\/wp-json\/wp\/v2\/comments?post=5527"}],"wp:featuredmedia":[{"embeddable":true,"href":"https:\/\/le-revestudio.com\/index.php\/wp-json\/wp\/v2\/media\/5575"}],"wp:attachment":[{"href":"https:\/\/le-revestudio.com\/index.php\/wp-json\/wp\/v2\/media?parent=5527"}],"wp:term":[{"taxonomy":"product_brand","embeddable":true,"href":"https:\/\/le-revestudio.com\/index.php\/wp-json\/wp\/v2\/product_brand?post=5527"},{"taxonomy":"product_cat","embeddable":true,"href":"https:\/\/le-revestudio.com\/index.php\/wp-json\/wp\/v2\/product_cat?post=5527"},{"taxonomy":"product_tag","embeddable":true,"href":"https:\/\/le-revestudio.com\/index.php\/wp-json\/wp\/v2\/product_tag?post=5527"}],"curies":[{"name":"wp","href":"https:\/\/api.w.org\/{rel}","templated":true}]}}