{"id":5536,"date":"2025-12-05T10:02:54","date_gmt":"2025-12-05T10:02:54","guid":{"rendered":"https:\/\/le-revestudio.com\/?post_type=product&#038;p=5536"},"modified":"2025-12-05T10:03:28","modified_gmt":"2025-12-05T10:03:28","slug":"belle-jacket","status":"publish","type":"product","link":"https:\/\/le-revestudio.com\/index.php\/product\/belle-jacket\/","title":{"rendered":"Belle jacket"},"content":{"rendered":"<p>\u2022 \u00d6zel dokulu tweed kuma\u015f<\/p>\n<p><span class=\"Apple-converted-space\">\u00a0<\/span>\u2022 Gold d\u00fc\u011fmeli oversize blazer formu<\/p>\n<p><span class=\"Apple-converted-space\">\u00a0<\/span>\u2022 Omuzda hacimli \u00e7i\u00e7ek applique detay\u0131<\/p>\n<p><span class=\"Apple-converted-space\">\u00a0<\/span>\u2022 Yap\u0131land\u0131r\u0131lm\u0131\u015f omuz ve \u015f\u0131k sil\u00fcet<\/p>\n<p><span class=\"Apple-converted-space\">\u00a0<\/span>\u2022 Astarl\u0131, rahat ve konforlu kullan\u0131m<\/p>\n<p><span class=\"Apple-converted-space\">\u00a0<\/span>\u2022 Manken boyu: 180 cm<\/p>\n<p><span class=\"Apple-converted-space\">\u00a0<\/span>\u2022 Manken \u00fczerindeki beden: Small<\/p>\n","protected":false},"excerpt":{"rendered":"<p>\u2022 \u00d6zel dokulu tweed kuma\u015f \u00a0\u2022 Gold d\u00fc\u011fmeli oversize blazer formu \u00a0\u2022 Omuzda hacimli \u00e7i\u00e7ek applique detay\u0131 \u00a0\u2022&#8230;<\/p>\n","protected":false},"featured_media":5540,"comment_status":"open","ping_status":"closed","template":"","meta":{"_joinchat":[]},"product_brand":[],"product_cat":[26,25,15],"product_tag":[],"class_list":{"0":"post-5536","1":"product","2":"type-product","3":"status-publish","4":"has-post-thumbnail","6":"product_cat-jacket","7":"product_cat-new","8":"product_cat-all","10":"first","11":"instock","12":"shipping-taxable","13":"purchasable","14":"product-type-variable"},"_links":{"self":[{"href":"https:\/\/le-revestudio.com\/index.php\/wp-json\/wp\/v2\/product\/5536","targetHints":{"allow":["GET"]}}],"collection":[{"href":"https:\/\/le-revestudio.com\/index.php\/wp-json\/wp\/v2\/product"}],"about":[{"href":"https:\/\/le-revestudio.com\/index.php\/wp-json\/wp\/v2\/types\/product"}],"replies":[{"embeddable":true,"href":"https:\/\/le-revestudio.com\/index.php\/wp-json\/wp\/v2\/comments?post=5536"}],"wp:featuredmedia":[{"embeddable":true,"href":"https:\/\/le-revestudio.com\/index.php\/wp-json\/wp\/v2\/media\/5540"}],"wp:attachment":[{"href":"https:\/\/le-revestudio.com\/index.php\/wp-json\/wp\/v2\/media?parent=5536"}],"wp:term":[{"taxonomy":"product_brand","embeddable":true,"href":"https:\/\/le-revestudio.com\/index.php\/wp-json\/wp\/v2\/product_brand?post=5536"},{"taxonomy":"product_cat","embeddable":true,"href":"https:\/\/le-revestudio.com\/index.php\/wp-json\/wp\/v2\/product_cat?post=5536"},{"taxonomy":"product_tag","embeddable":true,"href":"https:\/\/le-revestudio.com\/index.php\/wp-json\/wp\/v2\/product_tag?post=5536"}],"curies":[{"name":"wp","href":"https:\/\/api.w.org\/{rel}","templated":true}]}}