{"id":5557,"date":"2025-12-10T10:23:33","date_gmt":"2025-12-10T10:23:33","guid":{"rendered":"https:\/\/le-revestudio.com\/?post_type=product&#038;p=5557"},"modified":"2025-12-10T10:34:25","modified_gmt":"2025-12-10T10:34:25","slug":"fleur-set","status":"publish","type":"product","link":"https:\/\/le-revestudio.com\/index.php\/product\/fleur-set\/","title":{"rendered":"fleur set"},"content":{"rendered":"<p>\u2022 \u0130ki par\u00e7al\u0131 set<\/p>\n<p><span class=\"Apple-converted-space\">\u00a0<\/span>\u2022 Yumu\u015fak dokulu premium kuma\u015f<\/p>\n<p><span class=\"Apple-converted-space\">\u00a0<\/span>\u2022 Kol ve pa\u00e7alarda \u00f6zel t\u00fcy detaylar\u0131<\/p>\n<p><span class=\"Apple-converted-space\">\u00a0<\/span>\u2022 \u00d6nden d\u00fc\u011fme kapamal\u0131 g\u00f6mlek<\/p>\n<p><span class=\"Apple-converted-space\">\u00a0<\/span>\u2022 Rahat ve \u015f\u0131k kal\u0131p<\/p>\n<p><span class=\"Apple-converted-space\">\u00a0<\/span>\u2022 Standard beden<\/p>\n<p><span class=\"Apple-converted-space\">\u00a0<\/span>\u2022 Model 180 cm, Small beden giymektedir<\/p>\n","protected":false},"excerpt":{"rendered":"<p>\u2022 \u0130ki par\u00e7al\u0131 set \u00a0\u2022 Yumu\u015fak dokulu premium kuma\u015f \u00a0\u2022 Kol ve pa\u00e7alarda \u00f6zel t\u00fcy detaylar\u0131 \u00a0\u2022 \u00d6nden&#8230;<\/p>\n","protected":false},"featured_media":5561,"comment_status":"open","ping_status":"closed","template":"","meta":{"_joinchat":[]},"product_brand":[],"product_cat":[25,23,15],"product_tag":[],"class_list":{"0":"post-5557","1":"product","2":"type-product","3":"status-publish","4":"has-post-thumbnail","6":"product_cat-new","7":"product_cat-tops","8":"product_cat-all","10":"first","11":"instock","12":"shipping-taxable","13":"purchasable","14":"product-type-variable"},"_links":{"self":[{"href":"https:\/\/le-revestudio.com\/index.php\/wp-json\/wp\/v2\/product\/5557","targetHints":{"allow":["GET"]}}],"collection":[{"href":"https:\/\/le-revestudio.com\/index.php\/wp-json\/wp\/v2\/product"}],"about":[{"href":"https:\/\/le-revestudio.com\/index.php\/wp-json\/wp\/v2\/types\/product"}],"replies":[{"embeddable":true,"href":"https:\/\/le-revestudio.com\/index.php\/wp-json\/wp\/v2\/comments?post=5557"}],"wp:featuredmedia":[{"embeddable":true,"href":"https:\/\/le-revestudio.com\/index.php\/wp-json\/wp\/v2\/media\/5561"}],"wp:attachment":[{"href":"https:\/\/le-revestudio.com\/index.php\/wp-json\/wp\/v2\/media?parent=5557"}],"wp:term":[{"taxonomy":"product_brand","embeddable":true,"href":"https:\/\/le-revestudio.com\/index.php\/wp-json\/wp\/v2\/product_brand?post=5557"},{"taxonomy":"product_cat","embeddable":true,"href":"https:\/\/le-revestudio.com\/index.php\/wp-json\/wp\/v2\/product_cat?post=5557"},{"taxonomy":"product_tag","embeddable":true,"href":"https:\/\/le-revestudio.com\/index.php\/wp-json\/wp\/v2\/product_tag?post=5557"}],"curies":[{"name":"wp","href":"https:\/\/api.w.org\/{rel}","templated":true}]}}